{"id":5471,"date":"2023-02-10T11:04:11","date_gmt":"2023-02-10T10:04:11","guid":{"rendered":"https:\/\/agustinmolesabogados.com\/?page_id=5471"},"modified":"2024-11-19T08:16:37","modified_gmt":"2024-11-19T08:16:37","slug":"contacte","status":"publish","type":"page","link":"https:\/\/agustinmolesabogados.com\/ca\/contacte\/","title":{"rendered":"Contacte"},"content":{"rendered":"\t\t<div data-elementor-type=\"wp-page\" data-elementor-id=\"5471\" class=\"elementor elementor-5471 elementor-3671\" data-elementor-post-type=\"page\">\n\t\t\t\t\t\t<section class=\"elementor-section elementor-top-section elementor-element elementor-element-4aae7f4 elementor-section-height-min-height elementor-section-boxed elementor-section-height-default elementor-section-items-middle\" data-id=\"4aae7f4\" data-element_type=\"section\" data-e-type=\"section\" data-settings=\"{&quot;background_background&quot;:&quot;classic&quot;}\">\n\t\t\t\t\t\t<div class=\"elementor-container elementor-column-gap-default\">\n\t\t\t\t\t<div class=\"elementor-column elementor-col-100 elementor-top-column elementor-element elementor-element-1b9c62a\" data-id=\"1b9c62a\" data-element_type=\"column\" data-e-type=\"column\">\n\t\t\t<div class=\"elementor-widget-wrap elementor-element-populated\">\n\t\t\t\t\t\t<div class=\"elementor-element elementor-element-0a434af elementor-widget elementor-widget-heading\" data-id=\"0a434af\" data-element_type=\"widget\" data-e-type=\"widget\" data-widget_type=\"heading.default\">\n\t\t\t\t<div class=\"elementor-widget-container\">\n\t\t\t\t\t<h1 class=\"elementor-heading-title elementor-size-default\">Contacta amb <span class=\"textoblanco\">nosaltres<\/span><\/h1>\t\t\t\t<\/div>\n\t\t\t\t<\/div>\n\t\t\t\t\t<\/div>\n\t\t<\/div>\n\t\t\t\t\t<\/div>\n\t\t<\/section>\n\t\t<div class=\"elementor-element elementor-element-ab72feb e-flex e-con-boxed e-con e-parent\" data-id=\"ab72feb\" data-element_type=\"container\" data-e-type=\"container\" data-settings=\"{&quot;background_background&quot;:&quot;classic&quot;}\">\n\t\t\t\t\t<div class=\"e-con-inner\">\n\t\t\t\t<div class=\"elementor-element elementor-element-7dbc05a elementor-widget elementor-widget-text-editor\" data-id=\"7dbc05a\" data-element_type=\"widget\" data-e-type=\"widget\" data-widget_type=\"text-editor.default\">\n\t\t\t\t<div class=\"elementor-widget-container\">\n\t\t\t\t\t\t\t\t\t<blockquote><p>Pateixes algun tipus de <strong>discriminaci\u00f3, viol\u00e8ncia o maltractament<\/strong>? Necessita <strong>orientaci\u00f3 en la compravenda<\/strong> del seu habitatge? T\u00e9 deutes que arreglar? Li han <strong>denunciat<\/strong> els seus ve\u00efns? Sofreix d&#8217;alguna mena d&#8217;injust\u00edcia? <strong>AGUST\u00cdN-MOLES Advocats<\/strong> est\u00e0 \u00e0mpliament capacitat per a ajudar-lo en tota situaci\u00f3 i circumst\u00e0ncia. Un excel\u00b7lent <strong>equip de professionals<\/strong> atendr\u00e0 adequadament el seu cas. No dubti a consultar-nos.<\/p><\/blockquote>\t\t\t\t\t\t\t\t<\/div>\n\t\t\t\t<\/div>\n\t\t\t\t\t<\/div>\n\t\t\t\t<\/div>\n\t\t<div class=\"elementor-element elementor-element-6852d5f e-flex e-con-boxed e-con e-parent\" data-id=\"6852d5f\" data-element_type=\"container\" data-e-type=\"container\" data-settings=\"{&quot;background_background&quot;:&quot;classic&quot;}\">\n\t\t\t\t\t<div class=\"e-con-inner\">\n\t\t<div class=\"elementor-element elementor-element-46b20fa e-con-full e-flex e-con e-child\" data-id=\"46b20fa\" data-element_type=\"container\" data-e-type=\"container\">\n\t\t\t\t<div class=\"elementor-element elementor-element-f694a1b elementor-widget elementor-widget-text-editor\" data-id=\"f694a1b\" data-element_type=\"widget\" data-e-type=\"widget\" data-widget_type=\"text-editor.default\">\n\t\t\t\t<div class=\"elementor-widget-container\">\n\t\t\t\t\t\t\t\t\t<div class=\"wpb_text_column wpb_content_element \"><div class=\"wpb_wrapper\"><p class=\"p1\">Pot posar-se en contacte amb nosaltres enviant un email, trucant als nostres tel\u00e8fons o emplenant el formulari que li facilitem. Ens posarem en contacte amb vost\u00e8 el m\u00e9s aviat possible.<\/p><\/div><\/div>\t\t\t\t\t\t\t\t<\/div>\n\t\t\t\t<\/div>\n\t\t<div class=\"elementor-element elementor-element-fed8889 e-con-full e-flex e-con e-child\" data-id=\"fed8889\" data-element_type=\"container\" data-e-type=\"container\">\n\t\t\t\t<div class=\"elementor-element elementor-element-9b77a32 elementor-widget elementor-widget-heading\" data-id=\"9b77a32\" data-element_type=\"widget\" data-e-type=\"widget\" data-widget_type=\"heading.default\">\n\t\t\t\t<div class=\"elementor-widget-container\">\n\t\t\t\t\t<h2 class=\"elementor-heading-title elementor-size-default\">Requereixes els nostres serveis?<\/h2>\t\t\t\t<\/div>\n\t\t\t\t<\/div>\n\t\t\t\t<div class=\"elementor-element elementor-element-f069cf2 elementor-widget elementor-widget-text-editor\" data-id=\"f069cf2\" data-element_type=\"widget\" data-e-type=\"widget\" data-widget_type=\"text-editor.default\">\n\t\t\t\t<div class=\"elementor-widget-container\">\n\t\t\t\t\t\t\t\t\t<p>Envia&#8217;ns un formulari amb el teu cas, i nosaltres ens posarem en contacte amb tu.<\/p>\t\t\t\t\t\t\t\t<\/div>\n\t\t\t\t<\/div>\n\t\t\t\t<div class=\"elementor-element elementor-element-a689579 elementor-button-align-stretch elementor-widget elementor-widget-form\" data-id=\"a689579\" data-element_type=\"widget\" data-e-type=\"widget\" data-settings=\"{&quot;step_next_label&quot;:&quot;Next&quot;,&quot;step_previous_label&quot;:&quot;Previous&quot;,&quot;button_width&quot;:&quot;100&quot;,&quot;step_type&quot;:&quot;number_text&quot;,&quot;step_icon_shape&quot;:&quot;circle&quot;}\" data-widget_type=\"form.default\">\n\t\t\t\t<div class=\"elementor-widget-container\">\n\t\t\t\t\t\t\t<form class=\"elementor-form\" method=\"post\" name=\"New Form\" aria-label=\"New Form\">\n\t\t\t<input type=\"hidden\" name=\"post_id\" value=\"5471\"\/>\n\t\t\t<input type=\"hidden\" name=\"form_id\" value=\"a689579\"\/>\n\t\t\t<input type=\"hidden\" name=\"referer_title\" value=\"Contacte - Agust\u00edn Moles Abogados\" \/>\n\n\t\t\t\t\t\t\t<input type=\"hidden\" name=\"queried_id\" value=\"5471\"\/>\n\t\t\t\n\t\t\t<div class=\"elementor-form-fields-wrapper elementor-labels-\">\n\t\t\t\t\t\t\t\t<div class=\"elementor-field-type-text elementor-field-group elementor-column elementor-field-group-name elementor-col-100 elementor-field-required\">\n\t\t\t\t\t\t\t\t\t\t\t\t<label for=\"form-field-name\" class=\"elementor-field-label elementor-screen-only\">\n\t\t\t\t\t\t\t\tNom\t\t\t\t\t\t\t<\/label>\n\t\t\t\t\t\t\t\t\t\t\t\t\t\t<input size=\"1\" type=\"text\" name=\"form_fields[name]\" id=\"form-field-name\" class=\"elementor-field elementor-size-sm  elementor-field-textual\" placeholder=\"Nom\" required=\"required\">\n\t\t\t\t\t\t\t\t\t\t\t<\/div>\n\t\t\t\t\t\t\t\t<div class=\"elementor-field-type-email elementor-field-group elementor-column elementor-field-group-email elementor-col-100 elementor-field-required\">\n\t\t\t\t\t\t\t\t\t\t\t\t<label for=\"form-field-email\" class=\"elementor-field-label elementor-screen-only\">\n\t\t\t\t\t\t\t\tEmail\t\t\t\t\t\t\t<\/label>\n\t\t\t\t\t\t\t\t\t\t\t\t\t\t<input size=\"1\" type=\"email\" name=\"form_fields[email]\" id=\"form-field-email\" class=\"elementor-field elementor-size-sm  elementor-field-textual\" placeholder=\"Email\" required=\"required\">\n\t\t\t\t\t\t\t\t\t\t\t<\/div>\n\t\t\t\t\t\t\t\t<div class=\"elementor-field-type-tel elementor-field-group elementor-column elementor-field-group-field_9f94ca9 elementor-col-100\">\n\t\t\t\t\t\t\t\t\t\t\t\t<label for=\"form-field-field_9f94ca9\" class=\"elementor-field-label elementor-screen-only\">\n\t\t\t\t\t\t\t\tTel\u00e9fono\t\t\t\t\t\t\t<\/label>\n\t\t\t\t\t\t\t\t<input size=\"1\" type=\"tel\" name=\"form_fields[field_9f94ca9]\" id=\"form-field-field_9f94ca9\" class=\"elementor-field elementor-size-sm  elementor-field-textual\" placeholder=\"Tel\u00e8fon\" pattern=\"[0-9()#&amp;+*-=.]+\" title=\"Only numbers and phone characters (#, -, *, etc) are accepted.\">\n\n\t\t\t\t\t\t<\/div>\n\t\t\t\t\t\t\t\t<div class=\"elementor-field-type-textarea elementor-field-group elementor-column elementor-field-group-message elementor-col-100\">\n\t\t\t\t\t\t\t\t\t\t\t\t<label for=\"form-field-message\" class=\"elementor-field-label elementor-screen-only\">\n\t\t\t\t\t\t\t\tMissatge\t\t\t\t\t\t\t<\/label>\n\t\t\t\t\t\t<textarea class=\"elementor-field-textual elementor-field  elementor-size-sm\" name=\"form_fields[message]\" id=\"form-field-message\" rows=\"4\" placeholder=\"Missatge\"><\/textarea>\t\t\t\t<\/div>\n\t\t\t\t\t\t\t\t<div class=\"elementor-field-type-acceptance elementor-field-group elementor-column elementor-field-group-field_5db5636 elementor-col-100\">\n\t\t\t\t\t\t\t<div class=\"elementor-field-subgroup\">\n\t\t\t<span class=\"elementor-field-option\">\n\t\t\t\t<input type=\"checkbox\" name=\"form_fields[field_5db5636]\" id=\"form-field-field_5db5636\" class=\"elementor-field elementor-size-sm  elementor-acceptance-field\">\n\t\t\t\t<label for=\"form-field-field_5db5636\">He llegit i accepto la <a href=\"https:\/\/agustinmolesabogados.com\/politica-de-privacidad\/\">Pol\u00edtica de Privacitat<\/a><\/label>\t\t\t<\/span>\n\t\t<\/div>\n\t\t\t\t\t\t<\/div>\n\t\t\t\t\t\t\t\t<div class=\"elementor-field-type-recaptcha_v3 elementor-field-group elementor-column elementor-field-group-field_29ecd10 elementor-col-100 recaptcha_v3-inline\">\n\t\t\t\t\t<div class=\"elementor-field\" id=\"form-field-field_29ecd10\"><div class=\"elementor-g-recaptcha\" data-sitekey=\"6LcLiKAdAAAAALO6ytznPbfvgyw2clj-Ieuj3hDx\" data-type=\"v3\" data-action=\"Form\" data-badge=\"inline\" data-size=\"invisible\"><\/div><\/div>\t\t\t\t<\/div>\n\t\t\t\t\t\t\t\t<div class=\"elementor-field-group elementor-column elementor-field-type-submit elementor-col-100 e-form__buttons\">\n\t\t\t\t\t<button class=\"elementor-button elementor-size-sm\" type=\"submit\">\n\t\t\t\t\t\t<span class=\"elementor-button-content-wrapper\">\n\t\t\t\t\t\t\t\t\t\t\t\t\t\t\t\t\t\t\t\t\t\t<span class=\"elementor-button-text\">Enviar<\/span>\n\t\t\t\t\t\t\t\t\t\t\t\t\t<\/span>\n\t\t\t\t\t<\/button>\n\t\t\t\t<\/div>\n\t\t\t<\/div>\n\t\t<\/form>\n\t\t\t\t\t\t<\/div>\n\t\t\t\t<\/div>\n\t\t\t\t<\/div>\n\t\t\t\t<\/div>\n\t\t<div class=\"elementor-element elementor-element-d2a6fb0 e-con-full e-flex e-con e-child\" data-id=\"d2a6fb0\" data-element_type=\"container\" data-e-type=\"container\">\n\t\t\t\t<div class=\"elementor-element elementor-element-e6d1632 elementor-widget elementor-widget-text-editor\" data-id=\"e6d1632\" data-element_type=\"widget\" data-e-type=\"widget\" data-widget_type=\"text-editor.default\">\n\t\t\t\t<div class=\"elementor-widget-container\">\n\t\t\t\t\t\t\t\t\t<p><strong>Oficina:\u00a0<\/strong>Carrer Moss\u00e8n Jacint Verdaguer, 6-8, Baixos, 08940 Cornell\u00e0 de Llobregat, Barcelona<\/p><p><strong>Tel\u00e9fon:<\/strong><\/p><ul><li><a style=\"color: green;\" href=\"tel:(+34) 933 77 80 15\">(+34) 933 77 80 15<\/a><\/li><li><a style=\"color: green;\" href=\"tel:681217223\">(+34) 681 217 223<\/a><\/li><\/ul>\t\t\t\t\t\t\t\t<\/div>\n\t\t\t\t<\/div>\n\t\t\t\t<div class=\"elementor-element elementor-element-bee70a2 elementor-widget elementor-widget-text-editor\" data-id=\"bee70a2\" data-element_type=\"widget\" data-e-type=\"widget\" data-widget_type=\"text-editor.default\">\n\t\t\t\t<div class=\"elementor-widget-container\">\n\t\t\t\t\t\t\t\t\t<p>Vost\u00e8 pot acudir al nostre Bufet a la recerca d&#8217;orientaci\u00f3 o ajuda. Estem per a donar-li suport. Potser necessita orientaci\u00f3 amb algun tr\u00e0mit en concret. Potser intercedir en alguna situaci\u00f3. Sigui el que sigui, no dubti que li donarem el millor servei. 40 anys de treball professional ens avalen \u00e0mpliament.<\/p>\t\t\t\t\t\t\t\t<\/div>\n\t\t\t\t<\/div>\n\t\t\t\t<div class=\"elementor-element elementor-element-937dc73 elementor-widget elementor-widget-google_maps\" data-id=\"937dc73\" data-element_type=\"widget\" data-e-type=\"widget\" data-widget_type=\"google_maps.default\">\n\t\t\t\t<div class=\"elementor-widget-container\">\n\t\t\t\t\t\t\t<div class=\"elementor-custom-embed\">\n\t\t\t<iframe loading=\"lazy\"\n\t\t\t\t\tsrc=\"https:\/\/maps.google.com\/maps?q=Carrer%20Moss%C3%A8n%20Jacint%20Verdaguer%2C%206-8%2C%2C%20Bajos%2C%2008940%20Cornell%C3%A0%20de%20Llobregat%2C%20Barcelona&#038;t=m&#038;z=12&#038;output=embed&#038;iwloc=near\"\n\t\t\t\t\ttitle=\"Carrer Moss\u00e8n Jacint Verdaguer, 6-8,, Bajos, 08940 Cornell\u00e0 de Llobregat, Barcelona\"\n\t\t\t\t\taria-label=\"Carrer Moss\u00e8n Jacint Verdaguer, 6-8,, Bajos, 08940 Cornell\u00e0 de Llobregat, Barcelona\"\n\t\t\t><\/iframe>\n\t\t<\/div>\n\t\t\t\t\t\t<\/div>\n\t\t\t\t<\/div>\n\t\t\t\t<\/div>\n\t\t\t\t\t<\/div>\n\t\t\t\t<\/div>\n\t\t<div class=\"elementor-element elementor-element-dac3879 e-flex e-con-boxed e-con e-parent\" data-id=\"dac3879\" data-element_type=\"container\" data-e-type=\"container\">\n\t\t\t\t\t<div class=\"e-con-inner\">\n\t\t\t\t<div class=\"elementor-element elementor-element-6805604 elementor-widget elementor-widget-html\" data-id=\"6805604\" data-element_type=\"widget\" data-e-type=\"widget\" data-widget_type=\"html.default\">\n\t\t\t\t<div class=\"elementor-widget-container\">\n\t\t\t\t\t<script type=\"application\/ld+json\">\r\n{\r\n  \"@context\": \"https:\/\/schema.org\",\r\n  \"@type\": \"ContactPage\",\r\n  \"mainEntityOfPage\": {\r\n    \"@type\": \"WebPage\",\r\n    \"@id\": \"https:\/\/agustinmolesabogados.com\/contacto\/\"\r\n  },\r\n  \"headline\": \"Contacta con nosotros\",\r\n  \"description\": \"Ponte en contacto con nosotros para cualquier duda o consulta que tengas.\",\r\n  \"contactPoint\": [{\r\n    \"@type\": \"ContactPoint\",\r\n    \"telephone\": \"+34912345678\",\r\n    \"contactType\": \"customer service\",\r\n    \"email\": \"info@agustinmolesabogados.com\",\r\n    \"url\": \"https:\/\/agustinmolesabogados.com\/contacto\/\",\r\n    \"areaServed\": \"ES\",\r\n    \"availableLanguage\": [\"Spanish\", \"English\"]\r\n  }]\r\n}\r\n<\/script>\t\t\t\t<\/div>\n\t\t\t\t<\/div>\n\t\t\t\t\t<\/div>\n\t\t\t\t<\/div>\n\t\t\t\t<\/div>\n\t\t","protected":false},"excerpt":{"rendered":"<p>Contacta amb nosaltres Pateixes algun tipus de discriminaci\u00f3, viol\u00e8ncia o maltractament? Necessita orientaci\u00f3 en la compravenda del seu habitatge? T\u00e9 deutes que arreglar? Li han denunciat els seus ve\u00efns? Sofreix d&#8217;alguna mena d&#8217;injust\u00edcia? AGUST\u00cdN-MOLES Advocats est\u00e0 \u00e0mpliament capacitat per a ajudar-lo en tota situaci\u00f3 i circumst\u00e0ncia. Un excel\u00b7lent equip de professionals atendr\u00e0 adequadament el seu &#8230; <a title=\"Contacte\" class=\"read-more\" href=\"https:\/\/agustinmolesabogados.com\/ca\/contacte\/\" aria-label=\"M\u00e9s informaci\u00f3 sobre Contacte\">Llegiu m\u00e9s<\/a><\/p>\n","protected":false},"author":3,"featured_media":0,"parent":0,"menu_order":0,"comment_status":"closed","ping_status":"closed","template":"elementor_header_footer","meta":{"inline_featured_image":false,"footnotes":""},"folder":[18],"class_list":["post-5471","page","type-page","status-publish"],"yoast_head":"<!-- This site is optimized with the Yoast SEO plugin v27.3 - https:\/\/yoast.com\/product\/yoast-seo-wordpress\/ -->\n<title>Contacte - Agust\u00edn Moles Abogados<\/title>\n<meta name=\"robots\" content=\"index, follow, max-snippet:-1, max-image-preview:large, max-video-preview:-1\" \/>\n<link rel=\"canonical\" href=\"https:\/\/agustinmolesabogados.com\/ca\/contacte\/\" \/>\n<meta property=\"og:locale\" content=\"ca_ES\" \/>\n<meta property=\"og:type\" content=\"article\" \/>\n<meta property=\"og:title\" content=\"Contacte - Agust\u00edn Moles Abogados\" \/>\n<meta property=\"og:description\" content=\"Contacta amb nosaltres Pateixes algun tipus de discriminaci\u00f3, viol\u00e8ncia o maltractament? Necessita orientaci\u00f3 en la compravenda del seu habitatge? T\u00e9 deutes que arreglar? Li han denunciat els seus ve\u00efns? Sofreix d&#8217;alguna mena d&#8217;injust\u00edcia? AGUST\u00cdN-MOLES Advocats est\u00e0 \u00e0mpliament capacitat per a ajudar-lo en tota situaci\u00f3 i circumst\u00e0ncia. Un excel\u00b7lent equip de professionals atendr\u00e0 adequadament el seu ... Llegiu m\u00e9s\" \/>\n<meta property=\"og:url\" content=\"https:\/\/agustinmolesabogados.com\/ca\/contacte\/\" \/>\n<meta property=\"og:site_name\" content=\"Agust\u00edn Moles Abogados\" \/>\n<meta property=\"article:modified_time\" content=\"2024-11-19T08:16:37+00:00\" \/>\n<meta name=\"twitter:card\" content=\"summary_large_image\" \/>\n<meta name=\"twitter:label1\" content=\"Temps estimat de lectura\" \/>\n\t<meta name=\"twitter:data1\" content=\"1 minut\" \/>\n<script type=\"application\/ld+json\" class=\"yoast-schema-graph\">{\"@context\":\"https:\\\/\\\/schema.org\",\"@graph\":[{\"@type\":\"WebPage\",\"@id\":\"https:\\\/\\\/agustinmolesabogados.com\\\/ca\\\/contacte\\\/\",\"url\":\"https:\\\/\\\/agustinmolesabogados.com\\\/ca\\\/contacte\\\/\",\"name\":\"Contacte - Agust\u00edn Moles Abogados\",\"isPartOf\":{\"@id\":\"https:\\\/\\\/agustinmolesabogados.com\\\/ca\\\/#website\"},\"datePublished\":\"2023-02-10T10:04:11+00:00\",\"dateModified\":\"2024-11-19T08:16:37+00:00\",\"breadcrumb\":{\"@id\":\"https:\\\/\\\/agustinmolesabogados.com\\\/ca\\\/contacte\\\/#breadcrumb\"},\"inLanguage\":\"ca\",\"potentialAction\":[{\"@type\":\"ReadAction\",\"target\":[\"https:\\\/\\\/agustinmolesabogados.com\\\/ca\\\/contacte\\\/\"]}]},{\"@type\":\"BreadcrumbList\",\"@id\":\"https:\\\/\\\/agustinmolesabogados.com\\\/ca\\\/contacte\\\/#breadcrumb\",\"itemListElement\":[{\"@type\":\"ListItem\",\"position\":1,\"name\":\"Portada\",\"item\":\"https:\\\/\\\/agustinmolesabogados.com\\\/ca\\\/inici\\\/\"},{\"@type\":\"ListItem\",\"position\":2,\"name\":\"Contacte\"}]},{\"@type\":\"WebSite\",\"@id\":\"https:\\\/\\\/agustinmolesabogados.com\\\/ca\\\/#website\",\"url\":\"https:\\\/\\\/agustinmolesabogados.com\\\/ca\\\/\",\"name\":\"Agust\u00edn Moles Abogados\",\"description\":\"40 a\u00f1os al servicio de la justicia\",\"publisher\":{\"@id\":\"https:\\\/\\\/agustinmolesabogados.com\\\/ca\\\/#organization\"},\"potentialAction\":[{\"@type\":\"SearchAction\",\"target\":{\"@type\":\"EntryPoint\",\"urlTemplate\":\"https:\\\/\\\/agustinmolesabogados.com\\\/ca\\\/?s={search_term_string}\"},\"query-input\":{\"@type\":\"PropertyValueSpecification\",\"valueRequired\":true,\"valueName\":\"search_term_string\"}}],\"inLanguage\":\"ca\"},{\"@type\":\"Organization\",\"@id\":\"https:\\\/\\\/agustinmolesabogados.com\\\/ca\\\/#organization\",\"name\":\"Agust\u00edn Moles Abogados\",\"url\":\"https:\\\/\\\/agustinmolesabogados.com\\\/ca\\\/\",\"logo\":{\"@type\":\"ImageObject\",\"inLanguage\":\"ca\",\"@id\":\"https:\\\/\\\/agustinmolesabogados.com\\\/ca\\\/#\\\/schema\\\/logo\\\/image\\\/\",\"url\":\"https:\\\/\\\/agustinmolesabogados.com\\\/wp-content\\\/uploads\\\/2021\\\/03\\\/Logo-agustinn.png\",\"contentUrl\":\"https:\\\/\\\/agustinmolesabogados.com\\\/wp-content\\\/uploads\\\/2021\\\/03\\\/Logo-agustinn.png\",\"width\":113,\"height\":71,\"caption\":\"Agust\u00edn Moles Abogados\"},\"image\":{\"@id\":\"https:\\\/\\\/agustinmolesabogados.com\\\/ca\\\/#\\\/schema\\\/logo\\\/image\\\/\"}}]}<\/script>\n<!-- \/ Yoast SEO plugin. -->","yoast_head_json":{"title":"Contacte - Agust\u00edn Moles Abogados","robots":{"index":"index","follow":"follow","max-snippet":"max-snippet:-1","max-image-preview":"max-image-preview:large","max-video-preview":"max-video-preview:-1"},"canonical":"https:\/\/agustinmolesabogados.com\/ca\/contacte\/","og_locale":"ca_ES","og_type":"article","og_title":"Contacte - Agust\u00edn Moles Abogados","og_description":"Contacta amb nosaltres Pateixes algun tipus de discriminaci\u00f3, viol\u00e8ncia o maltractament? Necessita orientaci\u00f3 en la compravenda del seu habitatge? T\u00e9 deutes que arreglar? Li han denunciat els seus ve\u00efns? Sofreix d&#8217;alguna mena d&#8217;injust\u00edcia? AGUST\u00cdN-MOLES Advocats est\u00e0 \u00e0mpliament capacitat per a ajudar-lo en tota situaci\u00f3 i circumst\u00e0ncia. Un excel\u00b7lent equip de professionals atendr\u00e0 adequadament el seu ... Llegiu m\u00e9s","og_url":"https:\/\/agustinmolesabogados.com\/ca\/contacte\/","og_site_name":"Agust\u00edn Moles Abogados","article_modified_time":"2024-11-19T08:16:37+00:00","twitter_card":"summary_large_image","twitter_misc":{"Temps estimat de lectura":"1 minut"},"schema":{"@context":"https:\/\/schema.org","@graph":[{"@type":"WebPage","@id":"https:\/\/agustinmolesabogados.com\/ca\/contacte\/","url":"https:\/\/agustinmolesabogados.com\/ca\/contacte\/","name":"Contacte - Agust\u00edn Moles Abogados","isPartOf":{"@id":"https:\/\/agustinmolesabogados.com\/ca\/#website"},"datePublished":"2023-02-10T10:04:11+00:00","dateModified":"2024-11-19T08:16:37+00:00","breadcrumb":{"@id":"https:\/\/agustinmolesabogados.com\/ca\/contacte\/#breadcrumb"},"inLanguage":"ca","potentialAction":[{"@type":"ReadAction","target":["https:\/\/agustinmolesabogados.com\/ca\/contacte\/"]}]},{"@type":"BreadcrumbList","@id":"https:\/\/agustinmolesabogados.com\/ca\/contacte\/#breadcrumb","itemListElement":[{"@type":"ListItem","position":1,"name":"Portada","item":"https:\/\/agustinmolesabogados.com\/ca\/inici\/"},{"@type":"ListItem","position":2,"name":"Contacte"}]},{"@type":"WebSite","@id":"https:\/\/agustinmolesabogados.com\/ca\/#website","url":"https:\/\/agustinmolesabogados.com\/ca\/","name":"Agust\u00edn Moles Abogados","description":"40 a\u00f1os al servicio de la justicia","publisher":{"@id":"https:\/\/agustinmolesabogados.com\/ca\/#organization"},"potentialAction":[{"@type":"SearchAction","target":{"@type":"EntryPoint","urlTemplate":"https:\/\/agustinmolesabogados.com\/ca\/?s={search_term_string}"},"query-input":{"@type":"PropertyValueSpecification","valueRequired":true,"valueName":"search_term_string"}}],"inLanguage":"ca"},{"@type":"Organization","@id":"https:\/\/agustinmolesabogados.com\/ca\/#organization","name":"Agust\u00edn Moles Abogados","url":"https:\/\/agustinmolesabogados.com\/ca\/","logo":{"@type":"ImageObject","inLanguage":"ca","@id":"https:\/\/agustinmolesabogados.com\/ca\/#\/schema\/logo\/image\/","url":"https:\/\/agustinmolesabogados.com\/wp-content\/uploads\/2021\/03\/Logo-agustinn.png","contentUrl":"https:\/\/agustinmolesabogados.com\/wp-content\/uploads\/2021\/03\/Logo-agustinn.png","width":113,"height":71,"caption":"Agust\u00edn Moles Abogados"},"image":{"@id":"https:\/\/agustinmolesabogados.com\/ca\/#\/schema\/logo\/image\/"}}]}},"_links":{"self":[{"href":"https:\/\/agustinmolesabogados.com\/ca\/wp-json\/wp\/v2\/pages\/5471","targetHints":{"allow":["GET"]}}],"collection":[{"href":"https:\/\/agustinmolesabogados.com\/ca\/wp-json\/wp\/v2\/pages"}],"about":[{"href":"https:\/\/agustinmolesabogados.com\/ca\/wp-json\/wp\/v2\/types\/page"}],"author":[{"embeddable":true,"href":"https:\/\/agustinmolesabogados.com\/ca\/wp-json\/wp\/v2\/users\/3"}],"replies":[{"embeddable":true,"href":"https:\/\/agustinmolesabogados.com\/ca\/wp-json\/wp\/v2\/comments?post=5471"}],"version-history":[{"count":0,"href":"https:\/\/agustinmolesabogados.com\/ca\/wp-json\/wp\/v2\/pages\/5471\/revisions"}],"wp:attachment":[{"href":"https:\/\/agustinmolesabogados.com\/ca\/wp-json\/wp\/v2\/media?parent=5471"}],"wp:term":[{"taxonomy":"folder","embeddable":true,"href":"https:\/\/agustinmolesabogados.com\/ca\/wp-json\/wp\/v2\/folder?post=5471"}],"curies":[{"name":"wp","href":"https:\/\/api.w.org\/{rel}","templated":true}]}}