{"id":5338,"date":"2021-12-03T11:30:09","date_gmt":"2021-12-03T11:30:09","guid":{"rendered":"https:\/\/agustinmolesabogados.com\/reclamacio-dassegurances\/"},"modified":"2025-01-02T14:51:23","modified_gmt":"2025-01-02T14:51:23","slug":"reclamacio-dassegurances","status":"publish","type":"page","link":"https:\/\/agustinmolesabogados.com\/ca\/reclamacio-dassegurances\/","title":{"rendered":"Reclamaci\u00f3 d\u2019assegurances"},"content":{"rendered":"\t\t<div data-elementor-type=\"wp-page\" data-elementor-id=\"5338\" class=\"elementor elementor-5338 elementor-1427\" data-elementor-post-type=\"page\">\n\t\t\t\t\t\t<section class=\"elementor-section elementor-top-section elementor-element elementor-element-d33403d elementor-section-boxed elementor-section-height-default elementor-section-height-default\" data-id=\"d33403d\" data-element_type=\"section\" data-e-type=\"section\">\n\t\t\t\t\t\t<div class=\"elementor-container elementor-column-gap-default\">\n\t\t\t\t\t<div class=\"elementor-column elementor-col-50 elementor-top-column elementor-element elementor-element-5d728e1\" data-id=\"5d728e1\" data-element_type=\"column\" data-e-type=\"column\">\n\t\t\t<div class=\"elementor-widget-wrap elementor-element-populated\">\n\t\t\t\t\t\t<div class=\"elementor-element elementor-element-2dfe0dc elementor-widget elementor-widget-heading\" data-id=\"2dfe0dc\" data-element_type=\"widget\" data-e-type=\"widget\" data-widget_type=\"heading.default\">\n\t\t\t\t<div class=\"elementor-widget-container\">\n\t\t\t\t\t<h1 class=\"elementor-heading-title elementor-size-default\">Experts a realitzar la <span class=\"textoverde\">reclamaci\u00f3 de les teves assegurances<\/span><\/h1>\t\t\t\t<\/div>\n\t\t\t\t<\/div>\n\t\t\t\t<div class=\"elementor-element elementor-element-9a0eba5 elementor-widget elementor-widget-text-editor\" data-id=\"9a0eba5\" data-element_type=\"widget\" data-e-type=\"widget\" data-widget_type=\"text-editor.default\">\n\t\t\t\t<div class=\"elementor-widget-container\">\n\t\t\t\t\t\t\t\t\t<p class=\"p1\">A <a href=\"https:\/\/agustinmolesabogados.com\/ca\/\" style=\"color: green;\">Agust\u00edn Moles Advocats<\/a> ens encarreguem de realitzar totes les reclamacions pertinents contra companyies asseguradores que es neguen a complir el seu contracte amb els nostres clients.<\/p>\n\t\t\t\t\t\t\t\t<\/div>\n\t\t\t\t<\/div>\n\t\t\t\t<div class=\"elementor-element elementor-element-113bc5c elementor-align-left elementor-widget elementor-widget-button\" data-id=\"113bc5c\" data-element_type=\"widget\" data-e-type=\"widget\" data-widget_type=\"button.default\">\n\t\t\t\t<div class=\"elementor-widget-container\">\n\t\t\t\t\t\t\t\t\t<div class=\"elementor-button-wrapper\">\n\t\t\t\t\t<a class=\"elementor-button elementor-button-link elementor-size-sm\" href=\"#elementor-action%3Aaction%3Dpopup%3Aopen%26settings%3DeyJpZCI6NTM3NiwidG9nZ2xlIjpmYWxzZX0%3D\">\n\t\t\t\t\t\t<span class=\"elementor-button-content-wrapper\">\n\t\t\t\t\t\t\t\t\t<span class=\"elementor-button-text\">Demanar videotrucada<\/span>\n\t\t\t\t\t<\/span>\n\t\t\t\t\t<\/a>\n\t\t\t\t<\/div>\n\t\t\t\t\t\t\t\t<\/div>\n\t\t\t\t<\/div>\n\t\t\t\t<div class=\"elementor-element elementor-element-7f4f11c elementor-widget elementor-widget-text-editor\" data-id=\"7f4f11c\" data-element_type=\"widget\" data-e-type=\"widget\" data-widget_type=\"text-editor.default\">\n\t\t\t\t<div class=\"elementor-widget-container\">\n\t\t\t\t\t\t\t\t\t<p>*Primera videotrucada o visita totalment gratu\u00efta.<\/p>\n\t\t\t\t\t\t\t\t<\/div>\n\t\t\t\t<\/div>\n\t\t\t\t\t<\/div>\n\t\t<\/div>\n\t\t\t\t<div class=\"elementor-column elementor-col-50 elementor-top-column elementor-element elementor-element-3cdd076\" data-id=\"3cdd076\" data-element_type=\"column\" data-e-type=\"column\">\n\t\t\t<div class=\"elementor-widget-wrap elementor-element-populated\">\n\t\t\t\t\t\t<div class=\"elementor-element elementor-element-300261d elementor-widget elementor-widget-spacer\" data-id=\"300261d\" data-element_type=\"widget\" data-e-type=\"widget\" data-widget_type=\"spacer.default\">\n\t\t\t\t<div class=\"elementor-widget-container\">\n\t\t\t\t\t\t\t<div class=\"elementor-spacer\">\n\t\t\t<div class=\"elementor-spacer-inner\"><\/div>\n\t\t<\/div>\n\t\t\t\t\t\t<\/div>\n\t\t\t\t<\/div>\n\t\t\t\t<div class=\"elementor-element elementor-element-04a472c elementor-widget elementor-widget-image\" data-id=\"04a472c\" data-element_type=\"widget\" data-e-type=\"widget\" data-widget_type=\"image.default\">\n\t\t\t\t<div class=\"elementor-widget-container\">\n\t\t\t\t\t\t\t\t\t\t\t\t\t\t\t<img fetchpriority=\"high\" decoding=\"async\" width=\"684\" height=\"1024\" src=\"https:\/\/agustinmolesabogados.com\/wp-content\/uploads\/2021\/12\/pexels-anete-lusina-4792282-684x1024.jpg\" class=\"attachment-large size-large wp-image-5076\" alt=\"\" srcset=\"https:\/\/agustinmolesabogados.com\/wp-content\/uploads\/2021\/12\/pexels-anete-lusina-4792282-684x1024.jpg 684w, https:\/\/agustinmolesabogados.com\/wp-content\/uploads\/2021\/12\/pexels-anete-lusina-4792282-200x300.jpg 200w, https:\/\/agustinmolesabogados.com\/wp-content\/uploads\/2021\/12\/pexels-anete-lusina-4792282-768x1150.jpg 768w, https:\/\/agustinmolesabogados.com\/wp-content\/uploads\/2021\/12\/pexels-anete-lusina-4792282-1025x1536.jpg 1025w, https:\/\/agustinmolesabogados.com\/wp-content\/uploads\/2021\/12\/pexels-anete-lusina-4792282-1367x2048.jpg 1367w, https:\/\/agustinmolesabogados.com\/wp-content\/uploads\/2021\/12\/pexels-anete-lusina-4792282-scaled.jpg 1709w\" sizes=\"(max-width: 684px) 100vw, 684px\" \/>\t\t\t\t\t\t\t\t\t\t\t\t\t\t\t<\/div>\n\t\t\t\t<\/div>\n\t\t\t\t\t<\/div>\n\t\t<\/div>\n\t\t\t\t\t<\/div>\n\t\t<\/section>\n\t\t\t\t<section class=\"elementor-section elementor-top-section elementor-element elementor-element-4d7d688 elementor-section-boxed elementor-section-height-default elementor-section-height-default\" data-id=\"4d7d688\" data-element_type=\"section\" data-e-type=\"section\">\n\t\t\t\t\t\t<div class=\"elementor-container elementor-column-gap-default\">\n\t\t\t\t\t<div class=\"elementor-column elementor-col-100 elementor-top-column elementor-element elementor-element-2704fba\" data-id=\"2704fba\" data-element_type=\"column\" data-e-type=\"column\">\n\t\t\t<div class=\"elementor-widget-wrap elementor-element-populated\">\n\t\t\t\t\t\t<div class=\"elementor-element elementor-element-d2c62ed elementor-widget__width-initial elementor-widget elementor-widget-heading\" data-id=\"d2c62ed\" data-element_type=\"widget\" data-e-type=\"widget\" data-widget_type=\"heading.default\">\n\t\t\t\t<div class=\"elementor-widget-container\">\n\t\t\t\t\t<h2 class=\"elementor-heading-title elementor-size-default\">Facilitem la <span class=\"textoverde\">reclamaci\u00f3 de la teva asseguran\u00e7a<\/span> <\/h2>\t\t\t\t<\/div>\n\t\t\t\t<\/div>\n\t\t\t\t<div class=\"elementor-element elementor-element-7cb2a1a elementor-widget elementor-widget-text-editor\" data-id=\"7cb2a1a\" data-element_type=\"widget\" data-e-type=\"widget\" data-widget_type=\"text-editor.default\">\n\t\t\t\t<div class=\"elementor-widget-container\">\n\t\t\t\t\t\t\t\t\t<p class=\"p1\">Existeixen asseguradores que deneguen de manera sistem\u00e0tica moltes peticions de reclamaci\u00f3 d&#8217;assegurances per part dels seus clients, justificant que la patologia, lesi\u00f3 o malaltia que sofreix la v\u00edctima ja existia abans de signar el contracte amb l&#8217;asseguradora.<\/p>\n\t\t\t\t\t\t\t\t<\/div>\n\t\t\t\t<\/div>\n\t\t\t\t\t<\/div>\n\t\t<\/div>\n\t\t\t\t\t<\/div>\n\t\t<\/section>\n\t\t\t\t<section class=\"elementor-section elementor-top-section elementor-element elementor-element-f26df69 elementor-section-boxed elementor-section-height-default elementor-section-height-default\" data-id=\"f26df69\" data-element_type=\"section\" data-e-type=\"section\" data-settings=\"{&quot;background_background&quot;:&quot;classic&quot;}\">\n\t\t\t\t\t\t<div class=\"elementor-container elementor-column-gap-default\">\n\t\t\t\t\t<div class=\"elementor-column elementor-col-50 elementor-top-column elementor-element elementor-element-14be38a\" data-id=\"14be38a\" data-element_type=\"column\" data-e-type=\"column\">\n\t\t\t<div class=\"elementor-widget-wrap elementor-element-populated\">\n\t\t\t\t\t\t<div class=\"elementor-element elementor-element-3834adb elementor-view-default elementor-position-block-start elementor-mobile-position-block-start elementor-widget elementor-widget-icon-box\" data-id=\"3834adb\" data-element_type=\"widget\" data-e-type=\"widget\" data-widget_type=\"icon-box.default\">\n\t\t\t\t<div class=\"elementor-widget-container\">\n\t\t\t\t\t\t\t<div class=\"elementor-icon-box-wrapper\">\n\n\t\t\t\t\t\t<div class=\"elementor-icon-box-icon\">\n\t\t\t\t<span  class=\"elementor-icon\">\n\t\t\t\t<i aria-hidden=\"true\" class=\"far fa-heart\"><\/i>\t\t\t\t<\/span>\n\t\t\t<\/div>\n\t\t\t\n\t\t\t\t\t\t<div class=\"elementor-icon-box-content\">\n\n\t\t\t\t\t\t\t\t\t<h3 class=\"elementor-icon-box-title\">\n\t\t\t\t\t\t<span  >\n\t\t\t\t\t\t\tAssegurances de vida\t\t\t\t\t\t<\/span>\n\t\t\t\t\t<\/h3>\n\t\t\t\t\n\t\t\t\t\t\t\t\t\t<p class=\"elementor-icon-box-description\">\n\t\t\t\t\t\tNosaltres ens encarreguem de reclamar per tu les p\u00f2lisses de la teva asseguran\u00e7a de vida, ja sigui per defunci\u00f3 o incapacitat laboral. En aquesta situaci\u00f3, l'asseguradora t\u00e9 l'obligaci\u00f3 d'atorgar a la v\u00edctima o a la seva fam\u00edlia una indemnitzaci\u00f3 adequada al seu cas \t\t\t\t\t<\/p>\n\t\t\t\t\n\t\t\t<\/div>\n\t\t\t\n\t\t<\/div>\n\t\t\t\t\t\t<\/div>\n\t\t\t\t<\/div>\n\t\t\t\t\t<\/div>\n\t\t<\/div>\n\t\t\t\t<div class=\"elementor-column elementor-col-50 elementor-top-column elementor-element elementor-element-31b8b29\" data-id=\"31b8b29\" data-element_type=\"column\" data-e-type=\"column\">\n\t\t\t<div class=\"elementor-widget-wrap elementor-element-populated\">\n\t\t\t\t\t\t<div class=\"elementor-element elementor-element-d73e26f elementor-view-default elementor-position-block-start elementor-mobile-position-block-start elementor-widget elementor-widget-icon-box\" data-id=\"d73e26f\" data-element_type=\"widget\" data-e-type=\"widget\" data-widget_type=\"icon-box.default\">\n\t\t\t\t<div class=\"elementor-widget-container\">\n\t\t\t\t\t\t\t<div class=\"elementor-icon-box-wrapper\">\n\n\t\t\t\t\t\t<div class=\"elementor-icon-box-icon\">\n\t\t\t\t<span  class=\"elementor-icon\">\n\t\t\t\t<i aria-hidden=\"true\" class=\"fas fa-heartbeat\"><\/i>\t\t\t\t<\/span>\n\t\t\t<\/div>\n\t\t\t\n\t\t\t\t\t\t<div class=\"elementor-icon-box-content\">\n\n\t\t\t\t\t\t\t\t\t<h3 class=\"elementor-icon-box-title\">\n\t\t\t\t\t\t<span  >\n\t\t\t\t\t\t\tAssegurances de malaltia i assist\u00e8ncia sanit\u00e0ria\t\t\t\t\t\t<\/span>\n\t\t\t\t\t<\/h3>\n\t\t\t\t\n\t\t\t\t\t\t\t\t\t<p class=\"elementor-icon-box-description\">\n\t\t\t\t\t\tLes asseguradores estan obligades a pagar la quantitat de la p\u00f2lissa de l'asseguran\u00e7a si el client es veu afectat per alguna lesi\u00f3 o patologia que estigui prevista en la cobertura del contracte\t\t\t\t\t<\/p>\n\t\t\t\t\n\t\t\t<\/div>\n\t\t\t\n\t\t<\/div>\n\t\t\t\t\t\t<\/div>\n\t\t\t\t<\/div>\n\t\t\t\t\t<\/div>\n\t\t<\/div>\n\t\t\t\t\t<\/div>\n\t\t<\/section>\n\t\t\t\t<section class=\"elementor-section elementor-top-section elementor-element elementor-element-5433101 elementor-section-boxed elementor-section-height-default elementor-section-height-default\" data-id=\"5433101\" data-element_type=\"section\" data-e-type=\"section\">\n\t\t\t\t\t\t<div class=\"elementor-container elementor-column-gap-default\">\n\t\t\t\t\t<div class=\"elementor-column elementor-col-100 elementor-top-column elementor-element elementor-element-2cf6226\" data-id=\"2cf6226\" data-element_type=\"column\" data-e-type=\"column\">\n\t\t\t<div class=\"elementor-widget-wrap elementor-element-populated\">\n\t\t\t\t\t\t<div class=\"elementor-element elementor-element-8574b0f elementor-widget elementor-widget-heading\" data-id=\"8574b0f\" data-element_type=\"widget\" data-e-type=\"widget\" data-widget_type=\"heading.default\">\n\t\t\t\t<div class=\"elementor-widget-container\">\n\t\t\t\t\t<h2 class=\"elementor-heading-title elementor-size-default\"><span class=\"textoverde\">Documentaci\u00f3<\/span> necess\u00e0ria<\/h2>\t\t\t\t<\/div>\n\t\t\t\t<\/div>\n\t\t\t\t<div class=\"elementor-element elementor-element-5a4e7a1 elementor-widget__width-auto elementor-icon-list--layout-traditional elementor-list-item-link-full_width elementor-widget elementor-widget-icon-list\" data-id=\"5a4e7a1\" data-element_type=\"widget\" data-e-type=\"widget\" data-widget_type=\"icon-list.default\">\n\t\t\t\t<div class=\"elementor-widget-container\">\n\t\t\t\t\t\t\t<ul class=\"elementor-icon-list-items\">\n\t\t\t\t\t\t\t<li class=\"elementor-icon-list-item\">\n\t\t\t\t\t\t\t\t\t\t\t<span class=\"elementor-icon-list-icon\">\n\t\t\t\t\t\t\t<i aria-hidden=\"true\" class=\"far fa-file\"><\/i>\t\t\t\t\t\t<\/span>\n\t\t\t\t\t\t\t\t\t\t<span class=\"elementor-icon-list-text\">La teva sol\u00b7licitud o proposta d\u2019asseguran\u00e7a<\/span>\n\t\t\t\t\t\t\t\t\t<\/li>\n\t\t\t\t\t\t\t\t<li class=\"elementor-icon-list-item\">\n\t\t\t\t\t\t\t\t\t\t\t<span class=\"elementor-icon-list-icon\">\n\t\t\t\t\t\t\t<i aria-hidden=\"true\" class=\"far fa-file\"><\/i>\t\t\t\t\t\t<\/span>\n\t\t\t\t\t\t\t\t\t\t<span class=\"elementor-icon-list-text\">Condicions completes de la teva p\u00f2lissa d\u2019asseguran\u00e7a<\/span>\n\t\t\t\t\t\t\t\t\t<\/li>\n\t\t\t\t\t\t\t\t<li class=\"elementor-icon-list-item\">\n\t\t\t\t\t\t\t\t\t\t\t<span class=\"elementor-icon-list-icon\">\n\t\t\t\t\t\t\t<i aria-hidden=\"true\" class=\"far fa-file\"><\/i>\t\t\t\t\t\t<\/span>\n\t\t\t\t\t\t\t\t\t\t<span class=\"elementor-icon-list-text\">Q\u00fcestionari oficial de salut en assegurances de vida<\/span>\n\t\t\t\t\t\t\t\t\t<\/li>\n\t\t\t\t\t\t\t\t<li class=\"elementor-icon-list-item\">\n\t\t\t\t\t\t\t\t\t\t\t<span class=\"elementor-icon-list-icon\">\n\t\t\t\t\t\t\t<i aria-hidden=\"true\" class=\"far fa-file\"><\/i>\t\t\t\t\t\t<\/span>\n\t\t\t\t\t\t\t\t\t\t<span class=\"elementor-icon-list-text\">Informes m\u00e8dics i historial cl\u00ednic<\/span>\n\t\t\t\t\t\t\t\t\t<\/li>\n\t\t\t\t\t\t<\/ul>\n\t\t\t\t\t\t<\/div>\n\t\t\t\t<\/div>\n\t\t\t\t\t<\/div>\n\t\t<\/div>\n\t\t\t\t\t<\/div>\n\t\t<\/section>\n\t\t\t\t<\/div>\n\t\t","protected":false},"excerpt":{"rendered":"<p>Experts a realitzar la reclamaci\u00f3 de les teves assegurances A Agust\u00edn Moles Advocats ens encarreguem de realitzar totes les reclamacions pertinents contra companyies asseguradores que es neguen a complir el seu contracte amb els nostres clients. Demanar videotrucada *Primera videotrucada o visita totalment gratu\u00efta. Facilitem la reclamaci\u00f3 de la teva asseguran\u00e7a Existeixen asseguradores que deneguen &#8230; <a title=\"Reclamaci\u00f3 d\u2019assegurances\" class=\"read-more\" href=\"https:\/\/agustinmolesabogados.com\/ca\/reclamacio-dassegurances\/\" aria-label=\"M\u00e9s informaci\u00f3 sobre Reclamaci\u00f3 d\u2019assegurances\">Llegiu m\u00e9s<\/a><\/p>\n","protected":false},"author":3,"featured_media":0,"parent":0,"menu_order":0,"comment_status":"closed","ping_status":"closed","template":"elementor_header_footer","meta":{"inline_featured_image":false,"footnotes":""},"folder":[18],"class_list":["post-5338","page","type-page","status-publish"],"yoast_head":"<!-- This site is optimized with the Yoast SEO plugin v27.5 - https:\/\/yoast.com\/product\/yoast-seo-wordpress\/ -->\n<title>Reclamaci\u00f3 d\u2019assegurances - Agust\u00edn Moles Abogados<\/title>\n<meta name=\"description\" content=\"Realitzem la reclamaci\u00f3 d&#039;assegurances contra les asseguradores que es neguen a complir el contracte amb els nostres clients.\" \/>\n<meta name=\"robots\" content=\"index, follow, max-snippet:-1, max-image-preview:large, max-video-preview:-1\" \/>\n<link rel=\"canonical\" href=\"https:\/\/agustinmolesabogados.com\/ca\/reclamacio-dassegurances\/\" \/>\n<meta property=\"og:locale\" content=\"ca_ES\" \/>\n<meta property=\"og:type\" content=\"article\" \/>\n<meta property=\"og:title\" content=\"Reclamaci\u00f3 d\u2019assegurances - Agust\u00edn Moles Abogados\" \/>\n<meta property=\"og:description\" content=\"Realitzem la reclamaci\u00f3 d&#039;assegurances contra les asseguradores que es neguen a complir el contracte amb els nostres clients.\" \/>\n<meta property=\"og:url\" content=\"https:\/\/agustinmolesabogados.com\/ca\/reclamacio-dassegurances\/\" \/>\n<meta property=\"og:site_name\" content=\"Agust\u00edn Moles Abogados\" \/>\n<meta property=\"article:modified_time\" content=\"2025-01-02T14:51:23+00:00\" \/>\n<meta property=\"og:image\" content=\"https:\/\/agustinmolesabogados.com\/wp-content\/uploads\/2021\/12\/pexels-anete-lusina-4792282-scaled.jpg\" \/>\n\t<meta property=\"og:image:width\" content=\"1709\" \/>\n\t<meta property=\"og:image:height\" content=\"2560\" \/>\n\t<meta property=\"og:image:type\" content=\"image\/jpeg\" \/>\n<meta name=\"twitter:card\" content=\"summary_large_image\" \/>\n<meta name=\"twitter:label1\" content=\"Temps estimat de lectura\" \/>\n\t<meta name=\"twitter:data1\" content=\"1 minut\" \/>\n<script type=\"application\/ld+json\" class=\"yoast-schema-graph\">{\"@context\":\"https:\\\/\\\/schema.org\",\"@graph\":[{\"@type\":\"WebPage\",\"@id\":\"https:\\\/\\\/agustinmolesabogados.com\\\/ca\\\/reclamacio-dassegurances\\\/\",\"url\":\"https:\\\/\\\/agustinmolesabogados.com\\\/ca\\\/reclamacio-dassegurances\\\/\",\"name\":\"Reclamaci\u00f3 d\u2019assegurances - Agust\u00edn Moles Abogados\",\"isPartOf\":{\"@id\":\"https:\\\/\\\/agustinmolesabogados.com\\\/ca\\\/#website\"},\"primaryImageOfPage\":{\"@id\":\"https:\\\/\\\/agustinmolesabogados.com\\\/ca\\\/reclamacio-dassegurances\\\/#primaryimage\"},\"image\":{\"@id\":\"https:\\\/\\\/agustinmolesabogados.com\\\/ca\\\/reclamacio-dassegurances\\\/#primaryimage\"},\"thumbnailUrl\":\"https:\\\/\\\/agustinmolesabogados.com\\\/wp-content\\\/uploads\\\/2021\\\/12\\\/pexels-anete-lusina-4792282-684x1024.jpg\",\"datePublished\":\"2021-12-03T11:30:09+00:00\",\"dateModified\":\"2025-01-02T14:51:23+00:00\",\"description\":\"Realitzem la reclamaci\u00f3 d'assegurances contra les asseguradores que es neguen a complir el contracte amb els nostres clients.\",\"breadcrumb\":{\"@id\":\"https:\\\/\\\/agustinmolesabogados.com\\\/ca\\\/reclamacio-dassegurances\\\/#breadcrumb\"},\"inLanguage\":\"ca\",\"potentialAction\":[{\"@type\":\"ReadAction\",\"target\":[\"https:\\\/\\\/agustinmolesabogados.com\\\/ca\\\/reclamacio-dassegurances\\\/\"]}]},{\"@type\":\"ImageObject\",\"inLanguage\":\"ca\",\"@id\":\"https:\\\/\\\/agustinmolesabogados.com\\\/ca\\\/reclamacio-dassegurances\\\/#primaryimage\",\"url\":\"https:\\\/\\\/agustinmolesabogados.com\\\/wp-content\\\/uploads\\\/2021\\\/12\\\/pexels-anete-lusina-4792282-684x1024.jpg\",\"contentUrl\":\"https:\\\/\\\/agustinmolesabogados.com\\\/wp-content\\\/uploads\\\/2021\\\/12\\\/pexels-anete-lusina-4792282-684x1024.jpg\"},{\"@type\":\"BreadcrumbList\",\"@id\":\"https:\\\/\\\/agustinmolesabogados.com\\\/ca\\\/reclamacio-dassegurances\\\/#breadcrumb\",\"itemListElement\":[{\"@type\":\"ListItem\",\"position\":1,\"name\":\"Portada\",\"item\":\"https:\\\/\\\/agustinmolesabogados.com\\\/ca\\\/inici\\\/\"},{\"@type\":\"ListItem\",\"position\":2,\"name\":\"Reclamaci\u00f3 d\u2019assegurances\"}]},{\"@type\":\"WebSite\",\"@id\":\"https:\\\/\\\/agustinmolesabogados.com\\\/ca\\\/#website\",\"url\":\"https:\\\/\\\/agustinmolesabogados.com\\\/ca\\\/\",\"name\":\"Agust\u00edn Moles Abogados\",\"description\":\"40 a\u00f1os al servicio de la justicia\",\"publisher\":{\"@id\":\"https:\\\/\\\/agustinmolesabogados.com\\\/ca\\\/#organization\"},\"potentialAction\":[{\"@type\":\"SearchAction\",\"target\":{\"@type\":\"EntryPoint\",\"urlTemplate\":\"https:\\\/\\\/agustinmolesabogados.com\\\/ca\\\/?s={search_term_string}\"},\"query-input\":{\"@type\":\"PropertyValueSpecification\",\"valueRequired\":true,\"valueName\":\"search_term_string\"}}],\"inLanguage\":\"ca\"},{\"@type\":\"Organization\",\"@id\":\"https:\\\/\\\/agustinmolesabogados.com\\\/ca\\\/#organization\",\"name\":\"Agust\u00edn Moles Abogados\",\"url\":\"https:\\\/\\\/agustinmolesabogados.com\\\/ca\\\/\",\"logo\":{\"@type\":\"ImageObject\",\"inLanguage\":\"ca\",\"@id\":\"https:\\\/\\\/agustinmolesabogados.com\\\/ca\\\/#\\\/schema\\\/logo\\\/image\\\/\",\"url\":\"https:\\\/\\\/agustinmolesabogados.com\\\/wp-content\\\/uploads\\\/2021\\\/03\\\/Logo-agustinn.png\",\"contentUrl\":\"https:\\\/\\\/agustinmolesabogados.com\\\/wp-content\\\/uploads\\\/2021\\\/03\\\/Logo-agustinn.png\",\"width\":113,\"height\":71,\"caption\":\"Agust\u00edn Moles Abogados\"},\"image\":{\"@id\":\"https:\\\/\\\/agustinmolesabogados.com\\\/ca\\\/#\\\/schema\\\/logo\\\/image\\\/\"}}]}<\/script>\n<!-- \/ Yoast SEO plugin. -->","yoast_head_json":{"title":"Reclamaci\u00f3 d\u2019assegurances - Agust\u00edn Moles Abogados","description":"Realitzem la reclamaci\u00f3 d'assegurances contra les asseguradores que es neguen a complir el contracte amb els nostres clients.","robots":{"index":"index","follow":"follow","max-snippet":"max-snippet:-1","max-image-preview":"max-image-preview:large","max-video-preview":"max-video-preview:-1"},"canonical":"https:\/\/agustinmolesabogados.com\/ca\/reclamacio-dassegurances\/","og_locale":"ca_ES","og_type":"article","og_title":"Reclamaci\u00f3 d\u2019assegurances - Agust\u00edn Moles Abogados","og_description":"Realitzem la reclamaci\u00f3 d'assegurances contra les asseguradores que es neguen a complir el contracte amb els nostres clients.","og_url":"https:\/\/agustinmolesabogados.com\/ca\/reclamacio-dassegurances\/","og_site_name":"Agust\u00edn Moles Abogados","article_modified_time":"2025-01-02T14:51:23+00:00","og_image":[{"width":1709,"height":2560,"url":"https:\/\/agustinmolesabogados.com\/wp-content\/uploads\/2021\/12\/pexels-anete-lusina-4792282-scaled.jpg","type":"image\/jpeg"}],"twitter_card":"summary_large_image","twitter_misc":{"Temps estimat de lectura":"1 minut"},"schema":{"@context":"https:\/\/schema.org","@graph":[{"@type":"WebPage","@id":"https:\/\/agustinmolesabogados.com\/ca\/reclamacio-dassegurances\/","url":"https:\/\/agustinmolesabogados.com\/ca\/reclamacio-dassegurances\/","name":"Reclamaci\u00f3 d\u2019assegurances - Agust\u00edn Moles Abogados","isPartOf":{"@id":"https:\/\/agustinmolesabogados.com\/ca\/#website"},"primaryImageOfPage":{"@id":"https:\/\/agustinmolesabogados.com\/ca\/reclamacio-dassegurances\/#primaryimage"},"image":{"@id":"https:\/\/agustinmolesabogados.com\/ca\/reclamacio-dassegurances\/#primaryimage"},"thumbnailUrl":"https:\/\/agustinmolesabogados.com\/wp-content\/uploads\/2021\/12\/pexels-anete-lusina-4792282-684x1024.jpg","datePublished":"2021-12-03T11:30:09+00:00","dateModified":"2025-01-02T14:51:23+00:00","description":"Realitzem la reclamaci\u00f3 d'assegurances contra les asseguradores que es neguen a complir el contracte amb els nostres clients.","breadcrumb":{"@id":"https:\/\/agustinmolesabogados.com\/ca\/reclamacio-dassegurances\/#breadcrumb"},"inLanguage":"ca","potentialAction":[{"@type":"ReadAction","target":["https:\/\/agustinmolesabogados.com\/ca\/reclamacio-dassegurances\/"]}]},{"@type":"ImageObject","inLanguage":"ca","@id":"https:\/\/agustinmolesabogados.com\/ca\/reclamacio-dassegurances\/#primaryimage","url":"https:\/\/agustinmolesabogados.com\/wp-content\/uploads\/2021\/12\/pexels-anete-lusina-4792282-684x1024.jpg","contentUrl":"https:\/\/agustinmolesabogados.com\/wp-content\/uploads\/2021\/12\/pexels-anete-lusina-4792282-684x1024.jpg"},{"@type":"BreadcrumbList","@id":"https:\/\/agustinmolesabogados.com\/ca\/reclamacio-dassegurances\/#breadcrumb","itemListElement":[{"@type":"ListItem","position":1,"name":"Portada","item":"https:\/\/agustinmolesabogados.com\/ca\/inici\/"},{"@type":"ListItem","position":2,"name":"Reclamaci\u00f3 d\u2019assegurances"}]},{"@type":"WebSite","@id":"https:\/\/agustinmolesabogados.com\/ca\/#website","url":"https:\/\/agustinmolesabogados.com\/ca\/","name":"Agust\u00edn Moles Abogados","description":"40 a\u00f1os al servicio de la justicia","publisher":{"@id":"https:\/\/agustinmolesabogados.com\/ca\/#organization"},"potentialAction":[{"@type":"SearchAction","target":{"@type":"EntryPoint","urlTemplate":"https:\/\/agustinmolesabogados.com\/ca\/?s={search_term_string}"},"query-input":{"@type":"PropertyValueSpecification","valueRequired":true,"valueName":"search_term_string"}}],"inLanguage":"ca"},{"@type":"Organization","@id":"https:\/\/agustinmolesabogados.com\/ca\/#organization","name":"Agust\u00edn Moles Abogados","url":"https:\/\/agustinmolesabogados.com\/ca\/","logo":{"@type":"ImageObject","inLanguage":"ca","@id":"https:\/\/agustinmolesabogados.com\/ca\/#\/schema\/logo\/image\/","url":"https:\/\/agustinmolesabogados.com\/wp-content\/uploads\/2021\/03\/Logo-agustinn.png","contentUrl":"https:\/\/agustinmolesabogados.com\/wp-content\/uploads\/2021\/03\/Logo-agustinn.png","width":113,"height":71,"caption":"Agust\u00edn Moles Abogados"},"image":{"@id":"https:\/\/agustinmolesabogados.com\/ca\/#\/schema\/logo\/image\/"}}]}},"_links":{"self":[{"href":"https:\/\/agustinmolesabogados.com\/ca\/wp-json\/wp\/v2\/pages\/5338","targetHints":{"allow":["GET"]}}],"collection":[{"href":"https:\/\/agustinmolesabogados.com\/ca\/wp-json\/wp\/v2\/pages"}],"about":[{"href":"https:\/\/agustinmolesabogados.com\/ca\/wp-json\/wp\/v2\/types\/page"}],"author":[{"embeddable":true,"href":"https:\/\/agustinmolesabogados.com\/ca\/wp-json\/wp\/v2\/users\/3"}],"replies":[{"embeddable":true,"href":"https:\/\/agustinmolesabogados.com\/ca\/wp-json\/wp\/v2\/comments?post=5338"}],"version-history":[{"count":0,"href":"https:\/\/agustinmolesabogados.com\/ca\/wp-json\/wp\/v2\/pages\/5338\/revisions"}],"wp:attachment":[{"href":"https:\/\/agustinmolesabogados.com\/ca\/wp-json\/wp\/v2\/media?parent=5338"}],"wp:term":[{"taxonomy":"folder","embeddable":true,"href":"https:\/\/agustinmolesabogados.com\/ca\/wp-json\/wp\/v2\/folder?post=5338"}],"curies":[{"name":"wp","href":"https:\/\/api.w.org\/{rel}","templated":true}]}}