{"id":5313,"date":"2022-01-20T10:24:37","date_gmt":"2022-01-20T10:24:37","guid":{"rendered":"https:\/\/agustinmolesabogados.com\/accidents-de-transit\/"},"modified":"2025-01-03T09:42:49","modified_gmt":"2025-01-03T09:42:49","slug":"accidents-de-transit","status":"publish","type":"page","link":"https:\/\/agustinmolesabogados.com\/ca\/accidents-de-transit\/","title":{"rendered":"Accidents de tr\u00e0nsit"},"content":{"rendered":"\t\t<div data-elementor-type=\"wp-page\" data-elementor-id=\"5313\" class=\"elementor elementor-5313 elementor-2448\" data-elementor-post-type=\"page\">\n\t\t\t\t\t\t<section class=\"elementor-section elementor-top-section elementor-element elementor-element-d3fa540 elementor-section-boxed elementor-section-height-default elementor-section-height-default\" data-id=\"d3fa540\" data-element_type=\"section\" data-e-type=\"section\">\n\t\t\t\t\t\t<div class=\"elementor-container elementor-column-gap-default\">\n\t\t\t\t\t<div class=\"elementor-column elementor-col-50 elementor-top-column elementor-element elementor-element-257b011\" data-id=\"257b011\" data-element_type=\"column\" data-e-type=\"column\">\n\t\t\t<div class=\"elementor-widget-wrap elementor-element-populated\">\n\t\t\t\t\t\t<div class=\"elementor-element elementor-element-f6f6980 elementor-widget elementor-widget-heading\" data-id=\"f6f6980\" data-element_type=\"widget\" data-e-type=\"widget\" data-widget_type=\"heading.default\">\n\t\t\t\t<div class=\"elementor-widget-container\">\n\t\t\t\t\t<h1 class=\"elementor-heading-title elementor-size-default\">T'assessorem sobre <span class=\"textoverde\">accidents de tr\u00e0nsit<\/span><\/h1>\t\t\t\t<\/div>\n\t\t\t\t<\/div>\n\t\t\t\t<div class=\"elementor-element elementor-element-8a549cb elementor-widget elementor-widget-text-editor\" data-id=\"8a549cb\" data-element_type=\"widget\" data-e-type=\"widget\" data-widget_type=\"text-editor.default\">\n\t\t\t\t<div class=\"elementor-widget-container\">\n\t\t\t\t\t\t\t\t\t<p>A Agust\u00edn Moles Advocats, som l&#8217;opci\u00f3 de confian\u00e7a per a reclamar compensacions per accidents de tr\u00e0nsit a trav\u00e9s de procediments legals. El nostre equip d&#8217;advocats experts en aquesta mat\u00e8ria et brindar\u00e0 assessorament integral i personalitzat.<\/p>\n<h4>Has patit accidents de tr\u00e0nsit i necessites ajuda legal?<\/h4>\n<p>No dubtis a contactar-nos per a obtenir informaci\u00f3 detallada i precisa sobre els teus drets i les accions legals que pots emprendre. Som aqu\u00ed per a orientar-te a cada pas del proc\u00e9s i assegurar-nos que obtinguis la compensaci\u00f3 que mereixes.<\/p>\n<p><a style=\"color: green;\" href=\"https:\/\/agustinmolesabogados.com\/ca\/bufet-agustin\/\">El nostre bufet d&#8217;advocats a Cornell\u00e0<\/a> compta amb una s\u00f2lida experi\u00e8ncia en la reclamaci\u00f3 de danys i perjudicis derivats d&#8217;accidents de tr\u00e0nsit. Entenem les complexitats d&#8217;aquesta mena de casos i treballarem incansablement per a protegir els teus interessos i aconseguir els millors resultats possibles.<\/p>\n<p>Conf\u00eda en Agust\u00edn Moles Abogados para recibir un servicio legal excepcional y enfocado en tus necesidades. No esperis m\u00e9s, <a style=\"color: green;\" href=\"https:\/\/agustinmolesabogados.com\/ca\/contacte\/\">contacta&#8217;ns<\/a> avui mateix i rep l&#8217;assessoria que mereixes per a resoldre la teva situaci\u00f3 despr\u00e9s d&#8217;un accident de tr\u00e0nsit<\/p>\n\t\t\t\t\t\t\t\t<\/div>\n\t\t\t\t<\/div>\n\t\t\t\t\t<\/div>\n\t\t<\/div>\n\t\t\t\t<div class=\"elementor-column elementor-col-50 elementor-top-column elementor-element elementor-element-02e0508\" data-id=\"02e0508\" data-element_type=\"column\" data-e-type=\"column\">\n\t\t\t<div class=\"elementor-widget-wrap elementor-element-populated\">\n\t\t\t\t\t\t<section class=\"elementor-section elementor-inner-section elementor-element elementor-element-8b74857 elementor-section-boxed elementor-section-height-default elementor-section-height-default\" data-id=\"8b74857\" data-element_type=\"section\" data-e-type=\"section\">\n\t\t\t\t\t\t<div class=\"elementor-container elementor-column-gap-default\">\n\t\t\t\t\t<div class=\"elementor-column elementor-col-100 elementor-inner-column elementor-element elementor-element-f6d6da5\" data-id=\"f6d6da5\" data-element_type=\"column\" data-e-type=\"column\">\n\t\t\t<div class=\"elementor-widget-wrap elementor-element-populated\">\n\t\t\t\t\t\t<div class=\"elementor-element elementor-element-c8884f6 elementor-widget elementor-widget-heading\" data-id=\"c8884f6\" data-element_type=\"widget\" data-e-type=\"widget\" data-widget_type=\"heading.default\">\n\t\t\t\t<div class=\"elementor-widget-container\">\n\t\t\t\t\t<h2 class=\"elementor-heading-title elementor-size-default\">Requereixes els nostres serveis?<\/h2>\t\t\t\t<\/div>\n\t\t\t\t<\/div>\n\t\t\t\t<div class=\"elementor-element elementor-element-77a12c9 elementor-widget elementor-widget-text-editor\" data-id=\"77a12c9\" data-element_type=\"widget\" data-e-type=\"widget\" data-widget_type=\"text-editor.default\">\n\t\t\t\t<div class=\"elementor-widget-container\">\n\t\t\t\t\t\t\t\t\t<p>Envia&#8217;ns un formulari amb el teu cas, i nosaltres ens posarem en contacte amb tu.<\/p>\n\t\t\t\t\t\t\t\t<\/div>\n\t\t\t\t<\/div>\n\t\t\t\t<div class=\"elementor-element elementor-element-5c3ecdc elementor-button-align-stretch elementor-widget elementor-widget-form\" data-id=\"5c3ecdc\" data-element_type=\"widget\" data-e-type=\"widget\" data-settings=\"{&quot;step_next_label&quot;:&quot;Seg\\u00fcent&quot;,&quot;step_previous_label&quot;:&quot;Anterior&quot;,&quot;button_width&quot;:&quot;100&quot;,&quot;step_type&quot;:&quot;number_text&quot;,&quot;step_icon_shape&quot;:&quot;circle&quot;}\" data-widget_type=\"form.default\">\n\t\t\t\t<div class=\"elementor-widget-container\">\n\t\t\t\t\t\t\t<form class=\"elementor-form\" method=\"post\" name=\"New Form\" aria-label=\"New Form\">\n\t\t\t<input type=\"hidden\" name=\"post_id\" value=\"5313\"\/>\n\t\t\t<input type=\"hidden\" name=\"form_id\" value=\"5c3ecdc\"\/>\n\t\t\t<input type=\"hidden\" name=\"referer_title\" value=\"Accidents de tr\u00e0nsit - Agust\u00edn Moles Abogados\" \/>\n\n\t\t\t\t\t\t\t<input type=\"hidden\" name=\"queried_id\" value=\"5313\"\/>\n\t\t\t\n\t\t\t<div class=\"elementor-form-fields-wrapper elementor-labels-\">\n\t\t\t\t\t\t\t\t<div class=\"elementor-field-type-text elementor-field-group elementor-column elementor-field-group-name elementor-col-100 elementor-field-required\">\n\t\t\t\t\t\t\t\t\t\t\t\t<label for=\"form-field-name\" class=\"elementor-field-label elementor-screen-only\">\n\t\t\t\t\t\t\t\tNom\t\t\t\t\t\t\t<\/label>\n\t\t\t\t\t\t\t\t\t\t\t\t\t\t<input size=\"1\" type=\"text\" name=\"form_fields[name]\" id=\"form-field-name\" class=\"elementor-field elementor-size-sm  elementor-field-textual\" placeholder=\"Nom\" required=\"required\">\n\t\t\t\t\t\t\t\t\t\t\t<\/div>\n\t\t\t\t\t\t\t\t<div class=\"elementor-field-type-email elementor-field-group elementor-column elementor-field-group-email elementor-col-100 elementor-field-required\">\n\t\t\t\t\t\t\t\t\t\t\t\t<label for=\"form-field-email\" class=\"elementor-field-label elementor-screen-only\">\n\t\t\t\t\t\t\t\tEmail\t\t\t\t\t\t\t<\/label>\n\t\t\t\t\t\t\t\t\t\t\t\t\t\t<input size=\"1\" type=\"email\" name=\"form_fields[email]\" id=\"form-field-email\" class=\"elementor-field elementor-size-sm  elementor-field-textual\" placeholder=\"Email\" required=\"required\">\n\t\t\t\t\t\t\t\t\t\t\t<\/div>\n\t\t\t\t\t\t\t\t<div class=\"elementor-field-type-tel elementor-field-group elementor-column elementor-field-group-field_9f94ca9 elementor-col-100\">\n\t\t\t\t\t\t\t\t\t\t\t\t<label for=\"form-field-field_9f94ca9\" class=\"elementor-field-label elementor-screen-only\">\n\t\t\t\t\t\t\t\tTel\u00e8fon\t\t\t\t\t\t\t<\/label>\n\t\t\t\t\t\t\t\t<input size=\"1\" type=\"tel\" name=\"form_fields[field_9f94ca9]\" id=\"form-field-field_9f94ca9\" class=\"elementor-field elementor-size-sm  elementor-field-textual\" placeholder=\"Tel\u00e8fon\" pattern=\"[0-9()#&amp;+*-=.]+\" title=\"Only numbers and phone characters (#, -, *, etc) are accepted.\">\n\n\t\t\t\t\t\t<\/div>\n\t\t\t\t\t\t\t\t<div class=\"elementor-field-type-textarea elementor-field-group elementor-column elementor-field-group-message elementor-col-100\">\n\t\t\t\t\t\t\t\t\t\t\t\t<label for=\"form-field-message\" class=\"elementor-field-label elementor-screen-only\">\n\t\t\t\t\t\t\t\tMissatge\t\t\t\t\t\t\t<\/label>\n\t\t\t\t\t\t<textarea class=\"elementor-field-textual elementor-field  elementor-size-sm\" name=\"form_fields[message]\" id=\"form-field-message\" rows=\"4\" placeholder=\"Missatge\"><\/textarea>\t\t\t\t<\/div>\n\t\t\t\t\t\t\t\t<div class=\"elementor-field-type-acceptance elementor-field-group elementor-column elementor-field-group-field_48e6ddb elementor-col-100 elementor-field-required\">\n\t\t\t\t\t\t\t<div class=\"elementor-field-subgroup\">\n\t\t\t<span class=\"elementor-field-option\">\n\t\t\t\t<input type=\"checkbox\" name=\"form_fields[field_48e6ddb]\" id=\"form-field-field_48e6ddb\" class=\"elementor-field elementor-size-sm  elementor-acceptance-field\" required=\"required\">\n\t\t\t\t<label for=\"form-field-field_48e6ddb\">He llegit i accepto la <a href=\"https:\/\/agustinmolesabogados.com\/politica-de-privacidad\/\" target=\"blank\">pol\u00edtica de privacidad.<\/a><\/label>\t\t\t<\/span>\n\t\t<\/div>\n\t\t\t\t\t\t<\/div>\n\t\t\t\t\t\t\t\t<div class=\"elementor-field-type-recaptcha_v3 elementor-field-group elementor-column elementor-field-group-field_2933dc2 elementor-col-100 recaptcha_v3-bottomright\">\n\t\t\t\t\t<div class=\"elementor-field\" id=\"form-field-field_2933dc2\"><div class=\"elementor-g-recaptcha\" data-sitekey=\"6LcLiKAdAAAAALO6ytznPbfvgyw2clj-Ieuj3hDx\" data-type=\"v3\" data-action=\"Form\" data-badge=\"bottomright\" data-size=\"invisible\"><\/div><\/div>\t\t\t\t<\/div>\n\t\t\t\t\t\t\t\t<div class=\"elementor-field-group elementor-column elementor-field-type-submit elementor-col-100 e-form__buttons\">\n\t\t\t\t\t<button class=\"elementor-button elementor-size-sm\" type=\"submit\">\n\t\t\t\t\t\t<span class=\"elementor-button-content-wrapper\">\n\t\t\t\t\t\t\t\t\t\t\t\t\t\t\t\t\t\t\t\t\t\t<span class=\"elementor-button-text\">Enviar<\/span>\n\t\t\t\t\t\t\t\t\t\t\t\t\t<\/span>\n\t\t\t\t\t<\/button>\n\t\t\t\t<\/div>\n\t\t\t<\/div>\n\t\t<\/form>\n\t\t\t\t\t\t<\/div>\n\t\t\t\t<\/div>\n\t\t\t\t\t<\/div>\n\t\t<\/div>\n\t\t\t\t\t<\/div>\n\t\t<\/section>\n\t\t\t\t\t<\/div>\n\t\t<\/div>\n\t\t\t\t\t<\/div>\n\t\t<\/section>\n\t\t<div class=\"elementor-element elementor-element-c344d37 e-con-full elementor-hidden-desktop elementor-hidden-tablet elementor-hidden-widescreen elementor-hidden-laptop elementor-hidden-tablet_extra elementor-hidden-mobile_extra e-flex e-con e-parent\" data-id=\"c344d37\" data-element_type=\"container\" data-e-type=\"container\" data-settings=\"{&quot;background_background&quot;:&quot;classic&quot;}\">\n\t\t\t\t<div class=\"elementor-element elementor-element-9f0d1ff elementor-widget-mobile__width-initial elementor-view-default elementor-position-block-start elementor-mobile-position-block-start elementor-widget elementor-widget-icon-box\" data-id=\"9f0d1ff\" data-element_type=\"widget\" data-e-type=\"widget\" data-widget_type=\"icon-box.default\">\n\t\t\t\t<div class=\"elementor-widget-container\">\n\t\t\t\t\t\t\t<div class=\"elementor-icon-box-wrapper\">\n\n\t\t\t\t\t\t<div class=\"elementor-icon-box-icon\">\n\t\t\t\t<a href=\"tel:933778015\" class=\"elementor-icon\" tabindex=\"-1\" aria-label=\"TRUCAR\">\n\t\t\t\t<i aria-hidden=\"true\" class=\"fas fa-phone-alt\"><\/i>\t\t\t\t<\/a>\n\t\t\t<\/div>\n\t\t\t\n\t\t\t\t\t\t<div class=\"elementor-icon-box-content\">\n\n\t\t\t\t\t\t\t\t\t<p class=\"elementor-icon-box-title\">\n\t\t\t\t\t\t<a href=\"tel:933778015\" >\n\t\t\t\t\t\t\tTRUCAR\t\t\t\t\t\t<\/a>\n\t\t\t\t\t<\/p>\n\t\t\t\t\n\t\t\t\t\n\t\t\t<\/div>\n\t\t\t\n\t\t<\/div>\n\t\t\t\t\t\t<\/div>\n\t\t\t\t<\/div>\n\t\t\t\t<div class=\"elementor-element elementor-element-ccbff12 elementor-widget-mobile__width-initial elementor-view-default elementor-position-block-start elementor-mobile-position-block-start elementor-widget elementor-widget-icon-box\" data-id=\"ccbff12\" data-element_type=\"widget\" data-e-type=\"widget\" data-widget_type=\"icon-box.default\">\n\t\t\t\t<div class=\"elementor-widget-container\">\n\t\t\t\t\t\t\t<div class=\"elementor-icon-box-wrapper\">\n\n\t\t\t\t\t\t<div class=\"elementor-icon-box-icon\">\n\t\t\t\t<a href=\"https:\/\/agustinmolesabogados.com\/ca\/contacte\/\" class=\"elementor-icon\" tabindex=\"-1\" aria-label=\"CONTACTE\">\n\t\t\t\t<i aria-hidden=\"true\" class=\"fas fa-envelope\"><\/i>\t\t\t\t<\/a>\n\t\t\t<\/div>\n\t\t\t\n\t\t\t\t\t\t<div class=\"elementor-icon-box-content\">\n\n\t\t\t\t\t\t\t\t\t<p class=\"elementor-icon-box-title\">\n\t\t\t\t\t\t<a href=\"https:\/\/agustinmolesabogados.com\/ca\/contacte\/\" >\n\t\t\t\t\t\t\tCONTACTE\t\t\t\t\t\t<\/a>\n\t\t\t\t\t<\/p>\n\t\t\t\t\n\t\t\t\t\n\t\t\t<\/div>\n\t\t\t\n\t\t<\/div>\n\t\t\t\t\t\t<\/div>\n\t\t\t\t<\/div>\n\t\t\t\t<div class=\"elementor-element elementor-element-bdeec1d elementor-widget-mobile__width-initial elementor-view-default elementor-position-block-start elementor-mobile-position-block-start elementor-widget elementor-widget-icon-box\" data-id=\"bdeec1d\" data-element_type=\"widget\" data-e-type=\"widget\" data-widget_type=\"icon-box.default\">\n\t\t\t\t<div class=\"elementor-widget-container\">\n\t\t\t\t\t\t\t<div class=\"elementor-icon-box-wrapper\">\n\n\t\t\t\t\t\t<div class=\"elementor-icon-box-icon\">\n\t\t\t\t<a href=\"https:\/\/wa.me\/34681217223\" class=\"elementor-icon\" tabindex=\"-1\" aria-label=\"WHATSAPP\">\n\t\t\t\t<i aria-hidden=\"true\" class=\"fab fa-whatsapp\"><\/i>\t\t\t\t<\/a>\n\t\t\t<\/div>\n\t\t\t\n\t\t\t\t\t\t<div class=\"elementor-icon-box-content\">\n\n\t\t\t\t\t\t\t\t\t<p class=\"elementor-icon-box-title\">\n\t\t\t\t\t\t<a href=\"https:\/\/wa.me\/34681217223\" >\n\t\t\t\t\t\t\tWHATSAPP\t\t\t\t\t\t<\/a>\n\t\t\t\t\t<\/p>\n\t\t\t\t\n\t\t\t\t\n\t\t\t<\/div>\n\t\t\t\n\t\t<\/div>\n\t\t\t\t\t\t<\/div>\n\t\t\t\t<\/div>\n\t\t\t\t<\/div>\n\t\t\t\t<\/div>\n\t\t","protected":false},"excerpt":{"rendered":"<p>T&#8217;assessorem sobre accidents de tr\u00e0nsit A Agust\u00edn Moles Advocats, som l&#8217;opci\u00f3 de confian\u00e7a per a reclamar compensacions per accidents de tr\u00e0nsit a trav\u00e9s de procediments legals. El nostre equip d&#8217;advocats experts en aquesta mat\u00e8ria et brindar\u00e0 assessorament integral i personalitzat. Has patit accidents de tr\u00e0nsit i necessites ajuda legal? No dubtis a contactar-nos per a &#8230; <a title=\"Accidents de tr\u00e0nsit\" class=\"read-more\" href=\"https:\/\/agustinmolesabogados.com\/ca\/accidents-de-transit\/\" aria-label=\"M\u00e9s informaci\u00f3 sobre Accidents de tr\u00e0nsit\">Llegiu m\u00e9s<\/a><\/p>\n","protected":false},"author":3,"featured_media":0,"parent":0,"menu_order":0,"comment_status":"closed","ping_status":"closed","template":"elementor_header_footer","meta":{"inline_featured_image":false,"footnotes":""},"folder":[18],"class_list":["post-5313","page","type-page","status-publish"],"yoast_head":"<!-- This site is optimized with the Yoast SEO plugin v27.3 - https:\/\/yoast.com\/product\/yoast-seo-wordpress\/ -->\n<title>Accidents de tr\u00e0nsit - Agust\u00edn Moles Abogados<\/title>\n<meta name=\"description\" content=\"A Agustin Moles Advocats comptem amb un equip d&#039;advocats experts en accidents de tr\u00e0nsit a Cornell\u00e0, reclamacions d&#039;indemnitzacions.\" \/>\n<meta name=\"robots\" content=\"index, follow, max-snippet:-1, max-image-preview:large, max-video-preview:-1\" \/>\n<link rel=\"canonical\" href=\"https:\/\/agustinmolesabogados.com\/ca\/accidents-de-transit\/\" \/>\n<meta property=\"og:locale\" content=\"ca_ES\" \/>\n<meta property=\"og:type\" content=\"article\" \/>\n<meta property=\"og:title\" content=\"Accidents de tr\u00e0nsit - Servicios | Agust\u00edn Moles Abogados\" \/>\n<meta property=\"og:description\" content=\"A Agustin Moles Advocats comptem amb un equip d&#039;advocats experts en accidents de tr\u00e0nsit a Cornell\u00e0, reclamacions d&#039;indemnitzacions...\" \/>\n<meta property=\"og:url\" content=\"https:\/\/agustinmolesabogados.com\/ca\/accidents-de-transit\/\" \/>\n<meta property=\"og:site_name\" content=\"Agust\u00edn Moles Abogados\" \/>\n<meta property=\"article:modified_time\" content=\"2025-01-03T09:42:49+00:00\" \/>\n<meta name=\"twitter:card\" content=\"summary_large_image\" \/>\n<meta name=\"twitter:title\" content=\"Accidents de tr\u00e0nsit - Servicios | Agust\u00edn Moles Abogados\" \/>\n<meta name=\"twitter:description\" content=\"A Agustin Moles Advocats comptem amb un equip d&#039;advocats experts en accidents de tr\u00e0nsit a Cornell\u00e0, reclamacions d&#039;indemnitzacions...\" \/>\n<meta name=\"twitter:label1\" content=\"Temps estimat de lectura\" \/>\n\t<meta name=\"twitter:data1\" content=\"1 minut\" \/>\n<script type=\"application\/ld+json\" class=\"yoast-schema-graph\">{\"@context\":\"https:\\\/\\\/schema.org\",\"@graph\":[{\"@type\":\"WebPage\",\"@id\":\"https:\\\/\\\/agustinmolesabogados.com\\\/ca\\\/accidents-de-transit\\\/\",\"url\":\"https:\\\/\\\/agustinmolesabogados.com\\\/ca\\\/accidents-de-transit\\\/\",\"name\":\"Accidents de tr\u00e0nsit - Agust\u00edn Moles Abogados\",\"isPartOf\":{\"@id\":\"https:\\\/\\\/agustinmolesabogados.com\\\/ca\\\/#website\"},\"datePublished\":\"2022-01-20T10:24:37+00:00\",\"dateModified\":\"2025-01-03T09:42:49+00:00\",\"description\":\"A Agustin Moles Advocats comptem amb un equip d'advocats experts en accidents de tr\u00e0nsit a Cornell\u00e0, reclamacions d'indemnitzacions.\",\"breadcrumb\":{\"@id\":\"https:\\\/\\\/agustinmolesabogados.com\\\/ca\\\/accidents-de-transit\\\/#breadcrumb\"},\"inLanguage\":\"ca\",\"potentialAction\":[{\"@type\":\"ReadAction\",\"target\":[\"https:\\\/\\\/agustinmolesabogados.com\\\/ca\\\/accidents-de-transit\\\/\"]}]},{\"@type\":\"BreadcrumbList\",\"@id\":\"https:\\\/\\\/agustinmolesabogados.com\\\/ca\\\/accidents-de-transit\\\/#breadcrumb\",\"itemListElement\":[{\"@type\":\"ListItem\",\"position\":1,\"name\":\"Portada\",\"item\":\"https:\\\/\\\/agustinmolesabogados.com\\\/ca\\\/inici\\\/\"},{\"@type\":\"ListItem\",\"position\":2,\"name\":\"Accidents de tr\u00e0nsit\"}]},{\"@type\":\"WebSite\",\"@id\":\"https:\\\/\\\/agustinmolesabogados.com\\\/ca\\\/#website\",\"url\":\"https:\\\/\\\/agustinmolesabogados.com\\\/ca\\\/\",\"name\":\"Agust\u00edn Moles Abogados\",\"description\":\"40 a\u00f1os al servicio de la justicia\",\"publisher\":{\"@id\":\"https:\\\/\\\/agustinmolesabogados.com\\\/ca\\\/#organization\"},\"potentialAction\":[{\"@type\":\"SearchAction\",\"target\":{\"@type\":\"EntryPoint\",\"urlTemplate\":\"https:\\\/\\\/agustinmolesabogados.com\\\/ca\\\/?s={search_term_string}\"},\"query-input\":{\"@type\":\"PropertyValueSpecification\",\"valueRequired\":true,\"valueName\":\"search_term_string\"}}],\"inLanguage\":\"ca\"},{\"@type\":\"Organization\",\"@id\":\"https:\\\/\\\/agustinmolesabogados.com\\\/ca\\\/#organization\",\"name\":\"Agust\u00edn Moles Abogados\",\"url\":\"https:\\\/\\\/agustinmolesabogados.com\\\/ca\\\/\",\"logo\":{\"@type\":\"ImageObject\",\"inLanguage\":\"ca\",\"@id\":\"https:\\\/\\\/agustinmolesabogados.com\\\/ca\\\/#\\\/schema\\\/logo\\\/image\\\/\",\"url\":\"https:\\\/\\\/agustinmolesabogados.com\\\/wp-content\\\/uploads\\\/2021\\\/03\\\/Logo-agustinn.png\",\"contentUrl\":\"https:\\\/\\\/agustinmolesabogados.com\\\/wp-content\\\/uploads\\\/2021\\\/03\\\/Logo-agustinn.png\",\"width\":113,\"height\":71,\"caption\":\"Agust\u00edn Moles Abogados\"},\"image\":{\"@id\":\"https:\\\/\\\/agustinmolesabogados.com\\\/ca\\\/#\\\/schema\\\/logo\\\/image\\\/\"}}]}<\/script>\n<!-- \/ Yoast SEO plugin. -->","yoast_head_json":{"title":"Accidents de tr\u00e0nsit - Agust\u00edn Moles Abogados","description":"A Agustin Moles Advocats comptem amb un equip d'advocats experts en accidents de tr\u00e0nsit a Cornell\u00e0, reclamacions d'indemnitzacions.","robots":{"index":"index","follow":"follow","max-snippet":"max-snippet:-1","max-image-preview":"max-image-preview:large","max-video-preview":"max-video-preview:-1"},"canonical":"https:\/\/agustinmolesabogados.com\/ca\/accidents-de-transit\/","og_locale":"ca_ES","og_type":"article","og_title":"Accidents de tr\u00e0nsit - Servicios | Agust\u00edn Moles Abogados","og_description":"A Agustin Moles Advocats comptem amb un equip d'advocats experts en accidents de tr\u00e0nsit a Cornell\u00e0, reclamacions d'indemnitzacions...","og_url":"https:\/\/agustinmolesabogados.com\/ca\/accidents-de-transit\/","og_site_name":"Agust\u00edn Moles Abogados","article_modified_time":"2025-01-03T09:42:49+00:00","twitter_card":"summary_large_image","twitter_title":"Accidents de tr\u00e0nsit - Servicios | Agust\u00edn Moles Abogados","twitter_description":"A Agustin Moles Advocats comptem amb un equip d'advocats experts en accidents de tr\u00e0nsit a Cornell\u00e0, reclamacions d'indemnitzacions...","twitter_misc":{"Temps estimat de lectura":"1 minut"},"schema":{"@context":"https:\/\/schema.org","@graph":[{"@type":"WebPage","@id":"https:\/\/agustinmolesabogados.com\/ca\/accidents-de-transit\/","url":"https:\/\/agustinmolesabogados.com\/ca\/accidents-de-transit\/","name":"Accidents de tr\u00e0nsit - Agust\u00edn Moles Abogados","isPartOf":{"@id":"https:\/\/agustinmolesabogados.com\/ca\/#website"},"datePublished":"2022-01-20T10:24:37+00:00","dateModified":"2025-01-03T09:42:49+00:00","description":"A Agustin Moles Advocats comptem amb un equip d'advocats experts en accidents de tr\u00e0nsit a Cornell\u00e0, reclamacions d'indemnitzacions.","breadcrumb":{"@id":"https:\/\/agustinmolesabogados.com\/ca\/accidents-de-transit\/#breadcrumb"},"inLanguage":"ca","potentialAction":[{"@type":"ReadAction","target":["https:\/\/agustinmolesabogados.com\/ca\/accidents-de-transit\/"]}]},{"@type":"BreadcrumbList","@id":"https:\/\/agustinmolesabogados.com\/ca\/accidents-de-transit\/#breadcrumb","itemListElement":[{"@type":"ListItem","position":1,"name":"Portada","item":"https:\/\/agustinmolesabogados.com\/ca\/inici\/"},{"@type":"ListItem","position":2,"name":"Accidents de tr\u00e0nsit"}]},{"@type":"WebSite","@id":"https:\/\/agustinmolesabogados.com\/ca\/#website","url":"https:\/\/agustinmolesabogados.com\/ca\/","name":"Agust\u00edn Moles Abogados","description":"40 a\u00f1os al servicio de la justicia","publisher":{"@id":"https:\/\/agustinmolesabogados.com\/ca\/#organization"},"potentialAction":[{"@type":"SearchAction","target":{"@type":"EntryPoint","urlTemplate":"https:\/\/agustinmolesabogados.com\/ca\/?s={search_term_string}"},"query-input":{"@type":"PropertyValueSpecification","valueRequired":true,"valueName":"search_term_string"}}],"inLanguage":"ca"},{"@type":"Organization","@id":"https:\/\/agustinmolesabogados.com\/ca\/#organization","name":"Agust\u00edn Moles Abogados","url":"https:\/\/agustinmolesabogados.com\/ca\/","logo":{"@type":"ImageObject","inLanguage":"ca","@id":"https:\/\/agustinmolesabogados.com\/ca\/#\/schema\/logo\/image\/","url":"https:\/\/agustinmolesabogados.com\/wp-content\/uploads\/2021\/03\/Logo-agustinn.png","contentUrl":"https:\/\/agustinmolesabogados.com\/wp-content\/uploads\/2021\/03\/Logo-agustinn.png","width":113,"height":71,"caption":"Agust\u00edn Moles Abogados"},"image":{"@id":"https:\/\/agustinmolesabogados.com\/ca\/#\/schema\/logo\/image\/"}}]}},"_links":{"self":[{"href":"https:\/\/agustinmolesabogados.com\/ca\/wp-json\/wp\/v2\/pages\/5313","targetHints":{"allow":["GET"]}}],"collection":[{"href":"https:\/\/agustinmolesabogados.com\/ca\/wp-json\/wp\/v2\/pages"}],"about":[{"href":"https:\/\/agustinmolesabogados.com\/ca\/wp-json\/wp\/v2\/types\/page"}],"author":[{"embeddable":true,"href":"https:\/\/agustinmolesabogados.com\/ca\/wp-json\/wp\/v2\/users\/3"}],"replies":[{"embeddable":true,"href":"https:\/\/agustinmolesabogados.com\/ca\/wp-json\/wp\/v2\/comments?post=5313"}],"version-history":[{"count":0,"href":"https:\/\/agustinmolesabogados.com\/ca\/wp-json\/wp\/v2\/pages\/5313\/revisions"}],"wp:attachment":[{"href":"https:\/\/agustinmolesabogados.com\/ca\/wp-json\/wp\/v2\/media?parent=5313"}],"wp:term":[{"taxonomy":"folder","embeddable":true,"href":"https:\/\/agustinmolesabogados.com\/ca\/wp-json\/wp\/v2\/folder?post=5313"}],"curies":[{"name":"wp","href":"https:\/\/api.w.org\/{rel}","templated":true}]}}